{"id":183,"date":"2019-03-13T13:39:02","date_gmt":"2019-03-13T13:39:02","guid":{"rendered":"http:\/\/tygrys.syncro.pl\/?page_id=183"},"modified":"2019-12-04T20:26:43","modified_gmt":"2019-12-04T20:26:43","slug":"oznaczenia-skrzyn-biegow-vw-t3","status":"publish","type":"page","link":"http:\/\/tygrys.syncro.pl\/index.php\/oznaczenia-skrzyn-biegow-vw-t3\/","title":{"rendered":"OZNACZENIA SKRZY\u0143 BIEG\u00d3W VW T3"},"content":{"rendered":"\n<p>Zestawienie oznacze\u0144 skrzy\u0144 cztero i pi\u0119cio biegowych oraz syncro wraz z przednimi mostami .<\/p>\n\n\n\n<div class=\"wp-block-file\"><a href=\"http:\/\/tygrys.syncro.pl\/wp-content\/uploads\/2019\/03\/T3-Getriebe.pdf\">T3-Getriebe<\/a><a href=\"http:\/\/tygrys.syncro.pl\/wp-content\/uploads\/2019\/03\/T3-Getriebe.pdf\" class=\"wp-block-file__button\" download>Pobierz<\/a><\/div>\n\n\n\n<figure class=\"wp-block-image\"><img loading=\"lazy\" decoding=\"async\" width=\"216\" height=\"190\" src=\"http:\/\/tygrys.syncro.pl\/wp-content\/uploads\/2019\/03\/5_3-29.jpg\" alt=\"\" class=\"wp-image-188\"\/><\/figure>\n","protected":false},"excerpt":{"rendered":"<p>Zestawienie oznacze\u0144 skrzy\u0144 cztero i pi\u0119cio biegowych oraz syncro wraz z przednimi mostami .<\/p>\n","protected":false},"author":1,"featured_media":1155,"parent":0,"menu_order":0,"comment_status":"closed","ping_status":"closed","template":"","meta":{"jetpack_post_was_ever_published":false,"_joinchat":[],"footnotes":""},"class_list":["post-183","page","type-page","status-publish","has-post-thumbnail","hentry"],"jetpack_sharing_enabled":true,"jetpack_shortlink":"https:\/\/wp.me\/PaOaAA-2X","_links":{"self":[{"href":"http:\/\/tygrys.syncro.pl\/index.php\/wp-json\/wp\/v2\/pages\/183"}],"collection":[{"href":"http:\/\/tygrys.syncro.pl\/index.php\/wp-json\/wp\/v2\/pages"}],"about":[{"href":"http:\/\/tygrys.syncro.pl\/index.php\/wp-json\/wp\/v2\/types\/page"}],"author":[{"embeddable":true,"href":"http:\/\/tygrys.syncro.pl\/index.php\/wp-json\/wp\/v2\/users\/1"}],"replies":[{"embeddable":true,"href":"http:\/\/tygrys.syncro.pl\/index.php\/wp-json\/wp\/v2\/comments?post=183"}],"version-history":[{"count":3,"href":"http:\/\/tygrys.syncro.pl\/index.php\/wp-json\/wp\/v2\/pages\/183\/revisions"}],"predecessor-version":[{"id":189,"href":"http:\/\/tygrys.syncro.pl\/index.php\/wp-json\/wp\/v2\/pages\/183\/revisions\/189"}],"wp:featuredmedia":[{"embeddable":true,"href":"http:\/\/tygrys.syncro.pl\/index.php\/wp-json\/wp\/v2\/media\/1155"}],"wp:attachment":[{"href":"http:\/\/tygrys.syncro.pl\/index.php\/wp-json\/wp\/v2\/media?parent=183"}],"curies":[{"name":"wp","href":"https:\/\/api.w.org\/{rel}","templated":true}]}}